{"id":12786,"date":"2024-08-02T09:43:05","date_gmt":"2024-08-02T09:43:05","guid":{"rendered":"https:\/\/fsesrl.com\/usato\/senza-categoria\/cortadora-automatica-electronica-gmm-giga-3500-ref-1769\/"},"modified":"2025-10-10T08:54:31","modified_gmt":"2025-10-10T08:54:31","slug":"cortadora-automatica-electronica-gmm-giga-3500-ref-1769","status":"publish","type":"product","link":"https:\/\/fsesrl.com\/es\/usado\/cortabloques\/cortadora-automatica-electronica-gmm-giga-3500-ref-1769\/","title":{"rendered":"Cortadora automatica electronica GMM \u2013 GIGA 3500 (Ref. 1769)"},"content":{"rendered":"","protected":false},"excerpt":{"rendered":"<p><strong>Marca:<\/strong>\u00a0GMM<br \/>\n<strong>Modelo:<\/strong> Giga 3500<br \/>\n<strong>A\u00f1o de producci\u00f3n<\/strong>: 2004<\/p>\n<p>Sierra de puente electr\u00f3nica autom\u00e1tica para M\u00e1rmol y Granito<br \/>\nDi\u00e1metro m\u00e1ximo de disco aplicable 3500 mm<br \/>\nProfundidad m\u00e1xima de corte con di\u00e1metro m\u00e1ximo de disco 1500 mm<br \/>\nRecorrido m\u00e1ximo del disco horizontal 4000 mm<br \/>\nRecorrido vertical m\u00e1ximo del disco 2200 mm<br \/>\nCarrera m\u00e1xima del carro para bloques 2800 mm<br \/>\nDimensiones del carro: 2200\u00d73000 mm<br \/>\nPotencia del motor del disco Hp\/kW 50\/37&lt;<br \/>\nInverter<br \/>\nNr. 1 carro motorizado<\/p>\n<p>Opcionales bajo pedido:<br \/>\nCarro giratorio motorizado para bloques.<br \/>\nN.1 disco di\u00e1metro 3500 mm completo con segmento de diamante 90%<\/p>\n<p>Se puede suministrar Parcial o Totalmente Revisada<\/p>\n","protected":false},"featured_media":12915,"template":"","meta":[],"product_brand":[],"product_cat":[100,76],"product_tag":[],"class_list":{"0":"post-12786","1":"product","2":"type-product","3":"status-publish","4":"has-post-thumbnail","6":"product_cat-cortabloques","7":"product_cat-cortadora-con-disco-gigant","9":"first","10":"instock","11":"shipping-taxable","12":"product-type-simple"},"_links":{"self":[{"href":"https:\/\/fsesrl.com\/es\/wp-json\/wp\/v2\/product\/12786","targetHints":{"allow":["GET"]}}],"collection":[{"href":"https:\/\/fsesrl.com\/es\/wp-json\/wp\/v2\/product"}],"about":[{"href":"https:\/\/fsesrl.com\/es\/wp-json\/wp\/v2\/types\/product"}],"version-history":[{"count":2,"href":"https:\/\/fsesrl.com\/es\/wp-json\/wp\/v2\/product\/12786\/revisions"}],"predecessor-version":[{"id":12796,"href":"https:\/\/fsesrl.com\/es\/wp-json\/wp\/v2\/product\/12786\/revisions\/12796"}],"wp:featuredmedia":[{"embeddable":true,"href":"https:\/\/fsesrl.com\/es\/wp-json\/wp\/v2\/media\/12915"}],"wp:attachment":[{"href":"https:\/\/fsesrl.com\/es\/wp-json\/wp\/v2\/media?parent=12786"}],"wp:term":[{"taxonomy":"product_brand","embeddable":true,"href":"https:\/\/fsesrl.com\/es\/wp-json\/wp\/v2\/product_brand?post=12786"},{"taxonomy":"product_cat","embeddable":true,"href":"https:\/\/fsesrl.com\/es\/wp-json\/wp\/v2\/product_cat?post=12786"},{"taxonomy":"product_tag","embeddable":true,"href":"https:\/\/fsesrl.com\/es\/wp-json\/wp\/v2\/product_tag?post=12786"}],"curies":[{"name":"wp","href":"https:\/\/api.w.org\/{rel}","templated":true}]}}