{"id":7932,"date":"2021-02-18T08:21:49","date_gmt":"2021-02-18T08:21:49","guid":{"rendered":"https:\/\/fse.entiria.it\/privacidad\/"},"modified":"2021-09-21T10:09:30","modified_gmt":"2021-09-21T10:09:30","slug":"privacidad","status":"publish","type":"page","link":"https:\/\/fsesrl.com\/es\/privacidad\/","title":{"rendered":"Privacidad"},"content":{"rendered":"\t\t<div data-elementor-type=\"wp-page\" data-elementor-id=\"7932\" class=\"elementor elementor-7932 elementor-7814\" data-elementor-post-type=\"page\">\n\t\t\t\t\t\t<section class=\"elementor-section elementor-top-section elementor-element elementor-element-913dace elementor-section-boxed elementor-section-height-default elementor-section-height-default\" data-id=\"913dace\" data-element_type=\"section\" data-e-type=\"section\" data-settings=\"{&quot;background_background&quot;:&quot;classic&quot;}\">\n\t\t\t\t\t\t\t<div class=\"elementor-background-overlay\"><\/div>\n\t\t\t\t\t\t\t<div class=\"elementor-container elementor-column-gap-default\">\n\t\t\t\t\t<div class=\"elementor-column elementor-col-100 elementor-top-column elementor-element elementor-element-2ac8fd2\" data-id=\"2ac8fd2\" data-element_type=\"column\" data-e-type=\"column\">\n\t\t\t<div class=\"elementor-widget-wrap elementor-element-populated\">\n\t\t\t\t\t\t<div class=\"elementor-element elementor-element-edcc46b elementor-widget elementor-widget-heading\" data-id=\"edcc46b\" data-element_type=\"widget\" data-e-type=\"widget\" data-widget_type=\"heading.default\">\n\t\t\t\t<div class=\"elementor-widget-container\">\n\t\t\t\t\t<h2 class=\"elementor-heading-title elementor-size-default\">PRIVACIDAD<\/h2>\t\t\t\t<\/div>\n\t\t\t\t<\/div>\n\t\t\t\t<div class=\"elementor-element elementor-element-5730a4d elementor-widget-divider--view-line elementor-widget elementor-widget-divider\" data-id=\"5730a4d\" data-element_type=\"widget\" data-e-type=\"widget\" data-widget_type=\"divider.default\">\n\t\t\t\t<div class=\"elementor-widget-container\">\n\t\t\t\t\t\t\t<div class=\"elementor-divider\">\n\t\t\t<span class=\"elementor-divider-separator\">\n\t\t\t\t\t\t<\/span>\n\t\t<\/div>\n\t\t\t\t\t\t<\/div>\n\t\t\t\t<\/div>\n\t\t\t\t\t<\/div>\n\t\t<\/div>\n\t\t\t\t\t<\/div>\n\t\t<\/section>\n\t\t\t\t<section class=\"elementor-section elementor-top-section elementor-element elementor-element-25bc8d8 elementor-section-boxed elementor-section-height-default elementor-section-height-default\" data-id=\"25bc8d8\" data-element_type=\"section\" data-e-type=\"section\">\n\t\t\t\t\t\t<div class=\"elementor-container elementor-column-gap-default\">\n\t\t\t\t\t<div class=\"elementor-column elementor-col-100 elementor-top-column elementor-element elementor-element-37d4437\" data-id=\"37d4437\" data-element_type=\"column\" data-e-type=\"column\">\n\t\t\t<div class=\"elementor-widget-wrap elementor-element-populated\">\n\t\t\t\t\t\t<div class=\"elementor-element elementor-element-cf3f889 elementor-widget elementor-widget-text-editor\" data-id=\"cf3f889\" data-element_type=\"widget\" data-e-type=\"widget\" data-widget_type=\"text-editor.default\">\n\t\t\t\t<div class=\"elementor-widget-container\">\n\t\t\t\t\t\t\t\t\t<h1>Privacidad e <a href=\"https:\/\/fsesrl.com\/es\/cookie\/\">Informaci\u00f3n ampliada sobre cookies de F.S.E. Srl<\/a><\/h1>\n<p>El t\u00e9rmino \u00abempresa\u00bb se utiliza a continuaci\u00f3n para identificar a la empresa, la F.S.E. srl, piazza Borgo Serio 29, 26012 Castelleone (CR), y el t\u00e9rmino \u00abpropietario\u00bb para identificar a F.S.E. srl, piazza Borgo Serio 29, 26012 Castelleone (CR).<br \/>\nEste documento describe c\u00f3mo administrar el sitio con referencia al procesamiento de datos personales de los usuarios que lo consultan.<br \/>\nEsta es la informaci\u00f3n proporcionada de conformidad con el art. 13 del decreto legislativo. n. 196\/2003 &#8211; C\u00f3digo en materia de protecci\u00f3n de datos personales para quienes interact\u00faan con los servicios web de la empresa, accesible electr\u00f3nicamente desde la siguiente direcci\u00f3n:<br \/>\nhttp:\/\/www.fsesrl.com<br \/>\nLa informaci\u00f3n se proporciona solo para el sitio individual y no para otros sitios web que pueden ser consultados por el usuario a trav\u00e9s de enlaces o contenido de otras direcciones.<br \/>\nLa informaci\u00f3n tambi\u00e9n se basa en la Recomendaci\u00f3n n\u00fam. 2\/2001 que las autoridades europeas de protecci\u00f3n de datos personales, recogidas en el Grupo establecido por el art. 29 de la directiva n. 95\/46 \/ EC, adoptada el 17 de mayo de 2001 para identificar algunos requisitos m\u00ednimos para la recopilaci\u00f3n de datos personales en l\u00ednea y, en particular, los m\u00e9todos, el momento y la naturaleza de la informaci\u00f3n que el controlador de datos debe proporcionar a los usuarios cuando se conectan a p\u00e1ginas web, independientemente de la finalidad del enlace.<br \/>\n<strong>EL \u00abDUE\u00d1O\u00bb DEL TRATAMIENTO<\/strong><br \/>\nDespu\u00e9s de consultar este sitio, se pueden procesar los datos relacionados con personas identificadas o identificables. El titular y responsable del tratamiento de datos es la empresa a la que se refiere esta informaci\u00f3n.<br \/>\n<strong>TIPOS DE DATOS TRATADOS<\/strong><br \/>\n<em>Datos de navegaci\u00f3n<\/em><br \/>\nLos sistemas inform\u00e1ticos y procedimientos de software utilizados para operar este sitio web adquieren, durante su normal funcionamiento, algunos datos personales cuya transmisi\u00f3n est\u00e1 impl\u00edcita en el uso de protocolos de comunicaci\u00f3n de Internet. Se trata de informaci\u00f3n que no se recopila para asociarla a las partes interesadas identificadas, pero que por su propia naturaleza podr\u00eda, mediante el procesamiento y la asociaci\u00f3n con datos en poder de terceros, permitir la identificaci\u00f3n de los usuarios. Esta categor\u00eda de datos incluye las direcciones IP o los nombres de dominio de las computadoras utilizadas por los usuarios que se conectan al sitio, las direcciones en la notaci\u00f3n del Identificador uniforme de recursos (URI) de los recursos solicitados, la hora de la solicitud, el m\u00e9todo utilizado para enviar la solicitud al servidor, el tama\u00f1o del archivo obtenido en respuesta, el c\u00f3digo num\u00e9rico que indica el estado de la respuesta dada por el servidor (exitosa, error, etc.) y otros par\u00e1metros relacionados con el sistema operativo y el entorno inform\u00e1tico del usuario. Estos datos se utilizan con el \u00fanico prop\u00f3sito de obtener informaci\u00f3n estad\u00edstica an\u00f3nima sobre el uso del sitio y para verificar su correcto funcionamiento y se eliminan aproximadamente un mes despu\u00e9s de su procesamiento.<\/p>\n<p><em>Datos facilitados voluntariamente por el usuario<\/em><br \/>\nEl env\u00edo opcional, expl\u00edcito y voluntario de correos electr\u00f3nicos a las direcciones indicadas en este sitio conlleva la posterior adquisici\u00f3n de la direcci\u00f3n del remitente, necesaria para dar respuesta a las solicitudes, as\u00ed como cualquier otro dato personal incluido en el mensaje.<br \/>\nLa informaci\u00f3n resumida espec\u00edfica se informar\u00e1 o mostrar\u00e1 progresivamente en las p\u00e1ginas del sitio configuradas para servicios particulares a pedido.<\/p>\n<p>Los datos personales facilitados por los usuarios que env\u00edan solicitudes de env\u00edo de informaci\u00f3n (boletines, cd-roms, cat\u00e1logos, listas de precios, respuestas a consultas, documentos diversos, etc.) se utilizan con la \u00fanica finalidad de realizar el servicio o prestaci\u00f3n solicitada.<\/p>\n<p><strong>COOKIES<\/strong><br \/>\n<strong>ver \u201c<a href=\"https:\/\/fsesrl.com\/es\/cookie\/\">Informaci\u00f3n ampliada sobre cookies<\/a>\u201d<\/strong><\/p>\n<p><strong>SUMINISTRO OPCIONAL DE DATOS<\/strong><br \/>\nAparte de lo especificado para los datos de navegaci\u00f3n, el usuario es libre o no de proporcionar datos personales. El no proporcionarlos puede imposibilitar la obtenci\u00f3n de lo solicitado.<br \/>\n<strong>M\u00c9TODO DE TRATAMIENTO<\/strong><br \/>\nLos datos personales se procesan con herramientas automatizadas y no automatizadas. Se observan medidas de seguridad espec\u00edficas para evitar la p\u00e9rdida de datos, el uso il\u00edcito o incorrecto y el acceso no autorizado.<br \/>\n<strong>LUGAR DE TRATAMIENTO DE DATOS<\/strong><br \/>\nEl procesamiento conectado a los servicios web de este sitio tiene lugar en la granja de servidores elegida por el propietario y solo es manejado por personal t\u00e9cnico de la oficina a cargo del procesamiento, o por cualquier persona a cargo de operaciones de mantenimiento ocasional. No se comunican ni difunden datos derivados del servicio web<br \/>\n<strong>DERECHOS DE LAS PARTES INTERESADAS<\/strong><br \/>\nLos sujetos a los que se refieren los datos personales tienen derecho en cualquier momento a obtener confirmaci\u00f3n de la existencia o no de los mismos datos y a conocer su contenido y origen, verificar su exactitud o solicitar su integraci\u00f3n o actualizaci\u00f3n, o la rectificaci\u00f3n (ver para integridad art. 7 del decreto legislativo n. 196\/2003).<br \/>\nDe conformidad con el mismo art\u00edculo, se tiene derecho a solicitar la cancelaci\u00f3n, transformaci\u00f3n en forma an\u00f3nima o bloqueo de los datos tratados en violaci\u00f3n de la ley, y oponerse en todo caso, por motivos leg\u00edtimos, a su tratamiento.<br \/>\nLas solicitudes deben dirigirse al controlador de datos anterior<\/p>\n<p><em><strong>Lista de gerentes<\/strong><\/em><br \/>\nResponsable de dar respuesta al interesado: el responsable del tratamiento en la persona del representante legal;<br \/>\nResponsable General de Privacidad: el responsable del tratamiento en la persona del representante legal.<br \/>\nPara m\u00e1s informaci\u00f3n puede consultar: <a href=\"http:\/\/www.garanteprivacy.it\/\" target=\"_blank\" rel=\"noopener\">http:\/\/www.garanteprivacy.it<\/a><\/p>\n\t\t\t\t\t\t\t\t<\/div>\n\t\t\t\t<\/div>\n\t\t\t\t\t<\/div>\n\t\t<\/div>\n\t\t\t\t\t<\/div>\n\t\t<\/section>\n\t\t\t\t<\/div>\n\t\t","protected":false},"excerpt":{"rendered":"<p>PRIVACIDAD Privacidad e Informaci\u00f3n ampliada sobre cookies de F.S.E. Srl El t\u00e9rmino \u00abempresa\u00bb se utiliza a continuaci\u00f3n para identificar a la empresa, la F.S.E. srl, piazza Borgo Serio 29, 26012 Castelleone (CR), y el t\u00e9rmino \u00abpropietario\u00bb para identificar a F.S.E. &hellip;<\/p>\n<p class=\"read-more\"> <a class=\"more-link\" href=\"https:\/\/fsesrl.com\/es\/privacidad\/\"> <span class=\"screen-reader-text\">Privacidad<\/span> Leer m\u00e1s \u00bb<\/a><\/p>\n","protected":false},"author":1,"featured_media":0,"parent":0,"menu_order":0,"comment_status":"closed","ping_status":"closed","template":"elementor_header_footer","meta":{"footnotes":""},"class_list":["post-7932","page","type-page","status-publish","hentry"],"_links":{"self":[{"href":"https:\/\/fsesrl.com\/es\/wp-json\/wp\/v2\/pages\/7932","targetHints":{"allow":["GET"]}}],"collection":[{"href":"https:\/\/fsesrl.com\/es\/wp-json\/wp\/v2\/pages"}],"about":[{"href":"https:\/\/fsesrl.com\/es\/wp-json\/wp\/v2\/types\/page"}],"author":[{"embeddable":true,"href":"https:\/\/fsesrl.com\/es\/wp-json\/wp\/v2\/users\/1"}],"replies":[{"embeddable":true,"href":"https:\/\/fsesrl.com\/es\/wp-json\/wp\/v2\/comments?post=7932"}],"version-history":[{"count":0,"href":"https:\/\/fsesrl.com\/es\/wp-json\/wp\/v2\/pages\/7932\/revisions"}],"wp:attachment":[{"href":"https:\/\/fsesrl.com\/es\/wp-json\/wp\/v2\/media?parent=7932"}],"curies":[{"name":"wp","href":"https:\/\/api.w.org\/{rel}","templated":true}]}}