{"id":7167,"date":"2021-02-11T11:45:24","date_gmt":"2021-02-11T11:45:24","guid":{"rendered":"https:\/\/fse.entiria.it\/?page_id=7167"},"modified":"2021-09-21T10:09:16","modified_gmt":"2021-09-21T10:09:16","slug":"empresa","status":"publish","type":"page","link":"https:\/\/fsesrl.com\/es\/empresa\/","title":{"rendered":"Empresa"},"content":{"rendered":"\t\t<div data-elementor-type=\"wp-page\" data-elementor-id=\"7167\" class=\"elementor elementor-7167 elementor-11\" data-elementor-post-type=\"page\">\n\t\t\t\t\t\t<section class=\"elementor-section elementor-top-section elementor-element elementor-element-7f96f68 elementor-section-boxed elementor-section-height-default elementor-section-height-default\" data-id=\"7f96f68\" data-element_type=\"section\" data-e-type=\"section\" data-settings=\"{&quot;background_background&quot;:&quot;classic&quot;}\">\n\t\t\t\t\t\t\t<div class=\"elementor-background-overlay\"><\/div>\n\t\t\t\t\t\t\t<div class=\"elementor-container elementor-column-gap-default\">\n\t\t\t\t\t<div class=\"elementor-column elementor-col-100 elementor-top-column elementor-element elementor-element-2f3f94a\" data-id=\"2f3f94a\" data-element_type=\"column\" data-e-type=\"column\">\n\t\t\t<div class=\"elementor-widget-wrap elementor-element-populated\">\n\t\t\t\t\t\t<div class=\"elementor-element elementor-element-da0ed3c elementor-widget elementor-widget-heading\" data-id=\"da0ed3c\" data-element_type=\"widget\" data-e-type=\"widget\" data-widget_type=\"heading.default\">\n\t\t\t\t<div class=\"elementor-widget-container\">\n\t\t\t\t\t<h2 class=\"elementor-heading-title elementor-size-default\">Empresa<\/h2>\t\t\t\t<\/div>\n\t\t\t\t<\/div>\n\t\t\t\t<div class=\"elementor-element elementor-element-7b97528 elementor-widget-divider--view-line elementor-widget elementor-widget-divider\" data-id=\"7b97528\" data-element_type=\"widget\" data-e-type=\"widget\" data-widget_type=\"divider.default\">\n\t\t\t\t<div class=\"elementor-widget-container\">\n\t\t\t\t\t\t\t<div class=\"elementor-divider\">\n\t\t\t<span class=\"elementor-divider-separator\">\n\t\t\t\t\t\t<\/span>\n\t\t<\/div>\n\t\t\t\t\t\t<\/div>\n\t\t\t\t<\/div>\n\t\t\t\t\t<\/div>\n\t\t<\/div>\n\t\t\t\t\t<\/div>\n\t\t<\/section>\n\t\t\t\t<section class=\"elementor-section elementor-top-section elementor-element elementor-element-68e7e65 elementor-section-boxed elementor-section-height-default elementor-section-height-default\" data-id=\"68e7e65\" data-element_type=\"section\" data-e-type=\"section\">\n\t\t\t\t\t\t<div class=\"elementor-container elementor-column-gap-default\">\n\t\t\t\t\t<div class=\"elementor-column elementor-col-50 elementor-top-column elementor-element elementor-element-c2436e0\" data-id=\"c2436e0\" data-element_type=\"column\" data-e-type=\"column\" data-settings=\"{&quot;background_background&quot;:&quot;classic&quot;}\">\n\t\t\t<div class=\"elementor-widget-wrap elementor-element-populated\">\n\t\t\t\t\t\t<div class=\"elementor-element elementor-element-7ebe997 elementor-widget elementor-widget-wp-widget-woocommerce_product_categories\" data-id=\"7ebe997\" data-element_type=\"widget\" data-e-type=\"widget\" data-widget_type=\"wp-widget-woocommerce_product_categories.default\">\n\t\t\t\t<div class=\"elementor-widget-container\">\n\t\t\t\t\t<div class=\"woocommerce widget_product_categories\"><h5>Categorie prodotto<\/h5><ul class=\"product-categories\"><li class=\"cat-item cat-item-64\"><a href=\"https:\/\/fsesrl.com\/es\/categoria-de-producto\/cortadoras-a-puente\/\">CORTADORAS A PUENTE<\/a> <span class=\"count\">(18)<\/span><\/li>\n<li class=\"cat-item cat-item-68\"><a href=\"https:\/\/fsesrl.com\/es\/categoria-de-producto\/encabezadoras\/\">ENCABEZADORAS<\/a> <span class=\"count\">(0)<\/span><\/li>\n<li class=\"cat-item cat-item-67\"><a href=\"https:\/\/fsesrl.com\/es\/categoria-de-producto\/calibradoras\/\">CALIBRADORAS<\/a> <span class=\"count\">(0)<\/span><\/li>\n<li class=\"cat-item cat-item-71\"><a href=\"https:\/\/fsesrl.com\/es\/categoria-de-producto\/contorneadoras\/\">CONTORNEADORAS<\/a> <span class=\"count\">(2)<\/span><\/li>\n<li class=\"cat-item cat-item-72\"><a href=\"https:\/\/fsesrl.com\/es\/categoria-de-producto\/cortadoras-a-bandera\/\">CORTADORAS A BANDERA<\/a> <span class=\"count\">(0)<\/span><\/li>\n<li class=\"cat-item cat-item-76\"><a href=\"https:\/\/fsesrl.com\/es\/categoria-de-producto\/cortadora-con-disco-gigant\/\">CORTADORA CON DISCO GIGANT<\/a> <span class=\"count\">(1)<\/span><\/li>\n<li class=\"cat-item cat-item-75\"><a href=\"https:\/\/fsesrl.com\/es\/categoria-de-producto\/plantas-de-tratamiento\/\">PLANTAS DE TRATAMIENTO<\/a> <span class=\"count\">(0)<\/span><\/li>\n<li class=\"cat-item cat-item-80\"><a href=\"https:\/\/fsesrl.com\/es\/categoria-de-producto\/pulidoras-continuas-para-plancias-en-granito\/\">PULIDORAS CONTINUAS PARA PLANCIAS EN GRANITO<\/a> <span class=\"count\">(0)<\/span><\/li>\n<li class=\"cat-item cat-item-79\"><a href=\"https:\/\/fsesrl.com\/es\/categoria-de-producto\/pulidoras-continuas-para-plancias-en-marmol\/\">PULIDORAS CONTINUAS PARA PLANCIAS EN MARMOL<\/a> <span class=\"count\">(1)<\/span><\/li>\n<li class=\"cat-item cat-item-84\"><a href=\"https:\/\/fsesrl.com\/es\/categoria-de-producto\/pulidoras-continuas-para-baldosas-en-granito\/\">PULIDORAS CONTINUAS PARA BALDOSAS EN GRANITO<\/a> <span class=\"count\">(0)<\/span><\/li>\n<li class=\"cat-item cat-item-83\"><a href=\"https:\/\/fsesrl.com\/es\/categoria-de-producto\/pulidoras-continuas-para-baldosas-en-marmol\/\">PULIDORAS CONTINUAS PARA BALDOSAS EN MARMOL<\/a> <span class=\"count\">(2)<\/span><\/li>\n<li class=\"cat-item cat-item-86\"><a href=\"https:\/\/fsesrl.com\/es\/categoria-de-producto\/pulidoras-de-canto\/\">PULIDORAS DE CANTO<\/a> <span class=\"count\">(3)<\/span><\/li>\n<li class=\"cat-item cat-item-88\"><a href=\"https:\/\/fsesrl.com\/es\/categoria-de-producto\/pulidoras-a-puente-para-plancias\/\">PULIDORAS A PUENTE PARA PLANCIAS<\/a> <span class=\"count\">(0)<\/span><\/li>\n<li class=\"cat-item cat-item-90\"><a href=\"https:\/\/fsesrl.com\/es\/categoria-de-producto\/maquinas-de-hilo\/\">MAQUINAS DE HILO<\/a> <span class=\"count\">(2)<\/span><\/li>\n<li class=\"cat-item cat-item-94\"><a href=\"https:\/\/fsesrl.com\/es\/categoria-de-producto\/maquinas-varias-y-acesorios\/\">M\u00c1QUINAS VARIAS Y ACESORIOS<\/a> <span class=\"count\">(3)<\/span><\/li>\n<li class=\"cat-item cat-item-96\"><a href=\"https:\/\/fsesrl.com\/es\/categoria-de-producto\/pulidoras-manuales\/\">PULIDORAS MANUALES<\/a> <span class=\"count\">(0)<\/span><\/li>\n<li class=\"cat-item cat-item-98\"><a href=\"https:\/\/fsesrl.com\/es\/categoria-de-producto\/gruas-a-portico-y-autocargantes\/\">GRUAS A PORTICO Y AUTOCARGANTES<\/a> <span class=\"count\">(0)<\/span><\/li>\n<li class=\"cat-item cat-item-100\"><a href=\"https:\/\/fsesrl.com\/es\/categoria-de-producto\/cortabloques\/\">CORTABLOQUES<\/a> <span class=\"count\">(1)<\/span><\/li>\n<li class=\"cat-item cat-item-102\"><a href=\"https:\/\/fsesrl.com\/es\/categoria-de-producto\/telares-para-granito\/\">TELARES PARA GRANITO<\/a> <span class=\"count\">(0)<\/span><\/li>\n<li class=\"cat-item cat-item-104\"><a href=\"https:\/\/fsesrl.com\/es\/categoria-de-producto\/marcos-de-marmol\/\">TELARES PARA MARMOL<\/a> <span class=\"count\">(1)<\/span><\/li>\n<\/ul><\/div>\t\t\t\t<\/div>\n\t\t\t\t<\/div>\n\t\t\t\t\t<\/div>\n\t\t<\/div>\n\t\t\t\t<div class=\"elementor-column elementor-col-50 elementor-top-column elementor-element elementor-element-d725450\" data-id=\"d725450\" data-element_type=\"column\" data-e-type=\"column\">\n\t\t\t<div class=\"elementor-widget-wrap elementor-element-populated\">\n\t\t\t\t\t\t<div class=\"elementor-element elementor-element-607a90d elementor-widget elementor-widget-text-editor\" data-id=\"607a90d\" data-element_type=\"widget\" data-e-type=\"widget\" data-widget_type=\"text-editor.default\">\n\t\t\t\t<div class=\"elementor-widget-container\">\n\t\t\t\t\t\t\t\t\t<h2 style=\"color:#ff9707;\">MAQUINARIA DE OCASI\u00d3N PARA M\u00c1RMOL Y GRANITO<\/h2>\n<p>We are  specialized in the sale of used machinery and plants for processing marble and  granite, a 35 years experience allows us to offer reliable products for each  specific customer need<\/p>\n<h3>NUESTRA MAQUINARIA<\/h3>\n<p>Nuestros conocimientos nos permiten ofrecerle una amplia gama de m\u00e1quinas en diferentes condiciones:<\/p>\n<ul>\n<li><strong style=\"color:#ff9707;\">COMPLETAMENTE  REVISADA:<\/strong> la maquinaria se desmonta por completo y se somete a lavado, chorro de  arena cuando es necesario, procesamiento de la estructura b\u00e1sica, reemplazo y  procesamiento de piezas mec\u00e1nicas y el\u00e9ctricas desgastadas, proceso de pintura  como original, montaje y prueba final. En este caso, las m\u00e1quinas se entregan  con una garant\u00eda.<\/li>\n<li><strong style=\"color:#ff9707;\">PARCIALMENTE  REVISADA: <\/strong>la maquinaria se somete a limpieza y lavado, a un control general que  incluye el reemplazo de las partes mec\u00e1nicas y el\u00e9ctricas m\u00e1s desgastadas, y se  hace funcional en todas sus partes.<\/li>\n<li><strong style=\"color:#ff9707;\">EN  CONDICIONES DE TRABAJO: <\/strong>La  maquinaria se verifica y se hace funcional. <\/li>\n<\/ul>\n<h3>SERVICIOS<\/h3>\n<ul>\n<li><strong style=\"color:#ff9707;\">LA  INSTALACI\u00d3N, LA PUESTA EN SERVICIO Y LA ASISTENCIA POST-VENTA <\/strong>est\u00e1n garantizadas por nuestro personal t\u00e9cnico.<\/li>\n<li><strong style=\"color:#ff9707;\">DOCUMENTACI\u00d3N T\u00c9CNICA: <\/strong>manuales, dibujos de cimientos, diagramas de cableado, etc.,  se suministrar\u00e1n con las m\u00e1quinas.  <\/li>\n<li><strong style=\"color:#ff9707;\">SUMINISTRO  DE REPUESTOS<\/strong><\/li>\n<\/ul>\n<h3>COMPRAMOS M\u00c1QUINAS USADAS<\/h3>\n<p>tanto en Italia  como en el extranjero, <strong>si est\u00e1 interesado en  vender su<\/strong> <strong>maquinaria<\/strong> puede  contactarnos para recibir informaci\u00f3n, sin compromiso.<\/p>\n<p><strong>F.S.E.<\/strong> desde hace 20 a\u00f1os a trav\u00e9s de nuestra estructura  somos distribuidores y representantes de<img decoding=\"async\" class=\"alignnone size-full wp-image-8143\" src=\"https:\/\/fsesrl.com\/wp-content\/uploads\/2021\/02\/gmm.jpg\" alt=\"macchine gmm, stone machinery\" width=\"115\" height=\"50\" srcset=\"https:\/\/fsesrl.com\/wp-content\/uploads\/2021\/02\/gmm.jpg 115w, https:\/\/fsesrl.com\/wp-content\/uploads\/2021\/02\/gmm-100x43.jpg 100w\" sizes=\"(max-width: 115px) 100vw, 115px\" \/>en  Polonia. Por esta raz\u00f3n, a menudo tenemos excelentes oportunidades para la  adquisici\u00f3n de equipo USATO GMM, donde estamos particularmente especializados.<\/p>\n\t\t\t\t\t\t\t\t<\/div>\n\t\t\t\t<\/div>\n\t\t\t\t\t<\/div>\n\t\t<\/div>\n\t\t\t\t\t<\/div>\n\t\t<\/section>\n\t\t\t\t<\/div>\n\t\t","protected":false},"excerpt":{"rendered":"<p>Empresa MAQUINARIA DE OCASI\u00d3N PARA M\u00c1RMOL Y GRANITO We are specialized in the sale of used machinery and plants for processing marble and granite, a 35 years experience allows us to offer reliable products for each specific customer need NUESTRA &hellip;<\/p>\n<p class=\"read-more\"> <a class=\"more-link\" href=\"https:\/\/fsesrl.com\/es\/empresa\/\"> <span class=\"screen-reader-text\">Empresa<\/span> Leer m\u00e1s \u00bb<\/a><\/p>\n","protected":false},"author":1,"featured_media":0,"parent":0,"menu_order":0,"comment_status":"closed","ping_status":"closed","template":"elementor_header_footer","meta":{"footnotes":""},"class_list":["post-7167","page","type-page","status-publish","hentry"],"_links":{"self":[{"href":"https:\/\/fsesrl.com\/es\/wp-json\/wp\/v2\/pages\/7167","targetHints":{"allow":["GET"]}}],"collection":[{"href":"https:\/\/fsesrl.com\/es\/wp-json\/wp\/v2\/pages"}],"about":[{"href":"https:\/\/fsesrl.com\/es\/wp-json\/wp\/v2\/types\/page"}],"author":[{"embeddable":true,"href":"https:\/\/fsesrl.com\/es\/wp-json\/wp\/v2\/users\/1"}],"replies":[{"embeddable":true,"href":"https:\/\/fsesrl.com\/es\/wp-json\/wp\/v2\/comments?post=7167"}],"version-history":[{"count":0,"href":"https:\/\/fsesrl.com\/es\/wp-json\/wp\/v2\/pages\/7167\/revisions"}],"wp:attachment":[{"href":"https:\/\/fsesrl.com\/es\/wp-json\/wp\/v2\/media?parent=7167"}],"curies":[{"name":"wp","href":"https:\/\/api.w.org\/{rel}","templated":true}]}}